{"id":44,"date":"2017-06-17T19:01:27","date_gmt":"2017-06-18T01:01:27","guid":{"rendered":"http:\/\/slt.com.sv\/site\/inicio\/"},"modified":"2020-11-17T16:49:37","modified_gmt":"2020-11-17T22:49:37","slug":"inicio","status":"publish","type":"page","link":"https:\/\/slt.com.sv\/site\/","title":{"rendered":"Inicio"},"content":{"rendered":"<p>[et_pb_section fb_built=\u00bb1&#8243; admin_label=\u00bbsection\u00bb _builder_version=\u00bb3.22&#8243; background_image=\u00bbhttp:\/\/slt.com.sv\/site\/wp-content\/uploads\/2017\/10\/Home-Banner-02.jpg\u00bb background_position=\u00bbbottom_center\u00bb][et_pb_row column_structure=\u00bb1_3,2_3&#8243; admin_label=\u00bbrow\u00bb _builder_version=\u00bb3.25&#8243; background_size=\u00bbinitial\u00bb background_position=\u00bbtop_left\u00bb background_repeat=\u00bbrepeat\u00bb][et_pb_column type=\u00bb1_3&#8243; _builder_version=\u00bb3.25&#8243; custom_padding=\u00bb|||\u00bb custom_padding__hover=\u00bb|||\u00bb][et_pb_text admin_label=\u00bbTexto\u00bb _builder_version=\u00bb3.27.4&#8243; text_font=\u00bb|on|||\u00bb text_font_size=\u00bb18&#8243; header_font_size=\u00bb36px\u00bb background_layout=\u00bbdark\u00bb custom_margin=\u00bb100px||180px|\u00bb custom_css_main_element=\u00bbtext-shadow: 1px 1px 5px #000;\u00bb]<\/p>\n<h1>Soluciones Log\u00edsticas y Transporte<\/h1>\n<p>Apoyamos a nuestros clientes con soluciones profesionales de log\u00edstica y transporte en El Salvador, Honduras y Panam\u00e1<\/p>\n<p>[\/et_pb_text][\/et_pb_column][et_pb_column type=\u00bb2_3&#8243; _builder_version=\u00bb3.25&#8243; custom_padding=\u00bb|||\u00bb custom_padding__hover=\u00bb|||\u00bb][\/et_pb_column][\/et_pb_row][\/et_pb_section][et_pb_section fb_built=\u00bb1&#8243; admin_label=\u00bbSecci\u00f3n\u00bb _builder_version=\u00bb3.22&#8243; background_image=\u00bbhttp:\/\/slt.com.sv\/site\/wp-content\/uploads\/2017\/06\/Home-BG-Ventajasopt.jpg\u00bb parallax=\u00bbon\u00bb][et_pb_row column_structure=\u00bb1_2,1_2&#8243; admin_label=\u00bbFila\u00bb _builder_version=\u00bb3.25&#8243; background_size=\u00bbinitial\u00bb background_position=\u00bbtop_left\u00bb background_repeat=\u00bbrepeat\u00bb][et_pb_column type=\u00bb1_2&#8243; _builder_version=\u00bb3.25&#8243; custom_padding=\u00bb|||\u00bb custom_padding__hover=\u00bb|||\u00bb][et_pb_text admin_label=\u00bbTexto\u00bb _builder_version=\u00bb4.6.6&#8243; text_font_size=\u00bb16&#8243; custom_padding=\u00bb120px||120px|\u00bb]<\/p>\n<h1>Nuestra principal ventaja<\/h1>\n<p>Brindamos a nuestros clientes soluciones y servicios de log\u00edstica y transporte para afrontar las necesidades de su negocio en las distintas cadenas de abastecimiento. Poseemos una amplia experiencia y personal capacitado para garantizar un servicio de alta calidad al mejor precio.<\/p>\n<p>[\/et_pb_text][\/et_pb_column][et_pb_column type=\u00bb1_2&#8243; _builder_version=\u00bb3.25&#8243; custom_padding=\u00bb|||\u00bb custom_padding__hover=\u00bb|||\u00bb][\/et_pb_column][\/et_pb_row][\/et_pb_section][et_pb_section fb_built=\u00bb1&#8243; admin_label=\u00bbSecci\u00f3n\u00bb _builder_version=\u00bb3.22&#8243; background_color=\u00bb#014c8f\u00bb custom_padding=\u00bb||267px|||\u00bb][et_pb_row column_structure=\u00bb1_2,1_2&#8243; admin_label=\u00bbFila\u00bb _builder_version=\u00bb3.25&#8243; background_size=\u00bbinitial\u00bb background_position=\u00bbtop_left\u00bb background_repeat=\u00bbrepeat\u00bb custom_margin=\u00bb|auto|-230px|auto||\u00bb][et_pb_column type=\u00bb1_2&#8243; _builder_version=\u00bb3.25&#8243; custom_padding=\u00bb|||\u00bb custom_padding__hover=\u00bb|||\u00bb][et_pb_image src=\u00bbhttps:\/\/slt.com.sv\/site\/wp-content\/uploads\/2020\/10\/MUDANZAS.jpg\u00bb title_text=\u00bbMUDANZAS\u00bb _builder_version=\u00bb4.6.6&#8243; _module_preset=\u00bbdefault\u00bb][\/et_pb_image][\/et_pb_column][et_pb_column type=\u00bb1_2&#8243; _builder_version=\u00bb3.25&#8243; custom_padding=\u00bb|||\u00bb custom_padding__hover=\u00bb|||\u00bb][et_pb_divider show_divider=\u00bboff\u00bb _builder_version=\u00bb4.6.6&#8243; _module_preset=\u00bbdefault\u00bb][\/et_pb_divider][et_pb_text admin_label=\u00bbTexto\u00bb _builder_version=\u00bb4.6.6&#8243; background_layout=\u00bbdark\u00bb custom_padding=\u00bb35px||80px|\u00bb]<\/p>\n<h1>MUDANZAS<\/h1>\n<p><span>Con nuestro personal podemos trasladar tus valiosas pertenencias de un lugar a otro, desde un cuarto hasta una oficina o restaurante. Te ofrecemos la confianza de mas de 15 a\u00f1os en El Salvador. <\/span><\/p>\n<p>[\/et_pb_text][\/et_pb_column][\/et_pb_row][\/et_pb_section][et_pb_section fb_built=\u00bb1&#8243; admin_label=\u00bbSecci\u00f3n\u00bb _builder_version=\u00bb3.22&#8243; background_color=\u00bb#f1f1f1&#8243; background_blend=\u00bboverlay\u00bb][et_pb_row admin_label=\u00bbFila\u00bb _builder_version=\u00bb3.25&#8243; background_size=\u00bbinitial\u00bb background_position=\u00bbtop_left\u00bb background_repeat=\u00bbrepeat\u00bb][et_pb_column type=\u00bb4_4&#8243; _builder_version=\u00bb3.25&#8243; custom_padding=\u00bb|||\u00bb custom_padding__hover=\u00bb|||\u00bb][et_pb_text admin_label=\u00bbTexto\u00bb _builder_version=\u00bb3.27.4&#8243; text_orientation=\u00bbcenter\u00bb module_alignment=\u00bbcenter\u00bb]<\/p>\n<h1>Nuestros Servicios<\/h1>\n<p>[\/et_pb_text][\/et_pb_column][\/et_pb_row][et_pb_row column_structure=\u00bb1_3,1_3,1_3&#8243; admin_label=\u00bbFila\u00bb _builder_version=\u00bb3.25&#8243; background_size=\u00bbinitial\u00bb background_position=\u00bbtop_left\u00bb background_repeat=\u00bbrepeat\u00bb][et_pb_column type=\u00bb1_3&#8243; _builder_version=\u00bb3.25&#8243; custom_padding=\u00bb|||\u00bb custom_padding__hover=\u00bb|||\u00bb][et_pb_blurb title=\u00bbDistribuci\u00f3n Local\u00bb use_icon=\u00bbon\u00bb font_icon=\u00bb%%40%%\u00bb icon_color=\u00bb#e09900&#8243; icon_placement=\u00bbleft\u00bb admin_label=\u00bbProyectos Especiales\u00bb _builder_version=\u00bb4.6.6&#8243;]<\/p>\n<p>Cualquier canal de entrega en todo el pa\u00eds.<\/p>\n<p>[\/et_pb_blurb][et_pb_blurb title=\u00bbMudanzas\u00bb use_icon=\u00bbon\u00bb font_icon=\u00bb%%40%%\u00bb icon_color=\u00bb#e09900&#8243; icon_placement=\u00bbleft\u00bb admin_label=\u00bbTransporte Especializado\u00bb _builder_version=\u00bb4.6.6&#8243;]<\/p>\n<p>Desde un cuarto hasta un restaurante.<\/p>\n<p>[\/et_pb_blurb][et_pb_blurb title=\u00bbTransporte Especializado\u00bb use_icon=\u00bbon\u00bb font_icon=\u00bb%%40%%\u00bb icon_color=\u00bb#e09900&#8243; icon_placement=\u00bbleft\u00bb admin_label=\u00bbTransporte Especializado\u00bb _builder_version=\u00bb4.6.6&#8243;]<\/p>\n<p>Cualquier tipo de mercader\u00eda que necesites trasladar de un lugar a otro puedes hacerlo con nosotros<\/p>\n<p>[\/et_pb_blurb][\/et_pb_column][et_pb_column type=\u00bb1_3&#8243; _builder_version=\u00bb3.25&#8243; custom_padding=\u00bb|||\u00bb custom_padding__hover=\u00bb|||\u00bb][et_pb_blurb title=\u00bbAlmacenaje de Overflow\u00bb use_icon=\u00bbon\u00bb font_icon=\u00bb%%40%%\u00bb icon_color=\u00bb#e09900&#8243; icon_placement=\u00bbleft\u00bb admin_label=\u00bbAlmacenaje de Overflow\u00bb _builder_version=\u00bb4.6.6&#8243;]<\/p>\n<p>Cuando por temporadas no puedes manejar los excesos en tu bodega lo hacemos nosotros.<\/p>\n<p>[\/et_pb_blurb][et_pb_blurb title=\u00bbLog\u00edstica en Reversa\u00bb use_icon=\u00bbon\u00bb font_icon=\u00bb%%40%%\u00bb icon_color=\u00bb#e09900&#8243; icon_placement=\u00bbleft\u00bb admin_label=\u00bbLog\u00edstica en Reversa\u00bb _builder_version=\u00bb4.6.6&#8243;]<\/p>\n<p>Todos aquellos productos que necesitas desechar legalmente lo podemos hacer por ti.<\/p>\n<p>[\/et_pb_blurb][\/et_pb_column][et_pb_column type=\u00bb1_3&#8243; _builder_version=\u00bb3.25&#8243; custom_padding=\u00bb|||\u00bb custom_padding__hover=\u00bb|||\u00bb][et_pb_blurb title=\u00bbConsultar\u00eda Log\u00edstica\u00bb use_icon=\u00bbon\u00bb font_icon=\u00bb%%40%%\u00bb icon_color=\u00bb#e09900&#8243; icon_placement=\u00bbleft\u00bb admin_label=\u00bbConsultar\u00eda Log\u00edstica\u00bb _builder_version=\u00bb4.6.6&#8243;]<\/p>\n<p>\u00a0Si necesitas una radiograf\u00eda y la medicina de tus problemas log\u00edsticos aqu\u00ed estamos para servirte.<\/p>\n<p>[\/et_pb_blurb][et_pb_blurb title=\u00bbMensajer\u00eda\u00bb use_icon=\u00bbon\u00bb font_icon=\u00bb%%40%%\u00bb icon_color=\u00bb#e09900&#8243; icon_placement=\u00bbleft\u00bb admin_label=\u00bbTransporte Especializado\u00bb _builder_version=\u00bb4.6.6&#8243;]<\/p>\n<p>Entregamos en todo el pa\u00eds.<\/p>\n<p>[\/et_pb_blurb][\/et_pb_column][\/et_pb_row][\/et_pb_section][et_pb_section fb_built=\u00bb1&#8243; admin_label=\u00bbSecci\u00f3n\u00bb _builder_version=\u00bb3.0.51&#8243; custom_padding=\u00bb0px||0px|\u00bb global_module=\u00bb109&#8243;][et_pb_row column_structure=\u00bb1_2,1_2&#8243; use_custom_gutter=\u00bbon\u00bb gutter_width=\u00bb1&#8243; admin_label=\u00bbFila\u00bb module_class=\u00bb et_pb_row_fullwidth\u00bb _builder_version=\u00bb3.25&#8243; background_size=\u00bbinitial\u00bb background_position=\u00bbtop_left\u00bb background_repeat=\u00bbrepeat\u00bb width=\u00bb100%\u00bb width_tablet=\u00bb100%\u00bb width_phone=\u00bb\u00bb width_last_edited=\u00bbon|desktop\u00bb max_width=\u00bb100%\u00bb max_width_tablet=\u00bb100%\u00bb max_width_phone=\u00bb\u00bb max_width_last_edited=\u00bbon|desktop\u00bb custom_margin=\u00bb0px||0px|\u00bb custom_padding=\u00bb0px||0px|\u00bb make_fullwidth=\u00bbon\u00bb][et_pb_column type=\u00bb1_2&#8243; _builder_version=\u00bb3.25&#8243; background_position=\u00bbtop_left\u00bb custom_padding=\u00bb60px|60px|60px|60px\u00bb custom_padding__hover=\u00bb|||\u00bb][et_pb_text admin_label=\u00bbTexto\u00bb _builder_version=\u00bb4.6.6&#8243; custom_margin=\u00bb||35px|\u00bb custom_padding=\u00bb|||\u00bb]<\/p>\n<h2>Cont\u00e1ctenos<\/h2>\n<p><strong>Panam\u00e1:<\/strong> +507 6009 4142<\/p>\n<p><a href=\"mailto:panama@slt.com.sv\" target=\"_blank\" rel=\"noopener noreferrer\">panama@slt.com.sv<\/a><\/p>\n<p><strong>El Salvador:<\/strong> +503 2219 7254<\/p>\n<p><a href=\"mailto:elsalvador@slt.com.sv\" target=\"_blank\" rel=\"noopener noreferrer\">elsalvador@slt.com.sv<\/a><\/p>\n<p><span>+503 71609133<\/span><\/p>\n<p><a href=\"mailto:ventas@slt.com.sv\" target=\"_blank\" rel=\"noopener noreferrer\">ventas@slt.com.sv<\/a><\/p>\n<p><strong>Honduras:<\/strong> +504 8950 5044<\/p>\n<p><a href=\"mailto:honduras@slt.com.sv\" target=\"_blank\" rel=\"noopener noreferrer\">honduras@slt.com.sv<\/a><\/p>\n<p>[\/et_pb_text][et_pb_social_media_follow _builder_version=\u00bb4.6.6&#8243; _module_preset=\u00bbdefault\u00bb width=\u00bb100%\u00bb hover_enabled=\u00bb0&#8243; sticky_enabled=\u00bb0&#8243;][et_pb_social_media_follow_network social_network=\u00bbfacebook\u00bb background_color=\u00bb#3b5998&#8243; _builder_version=\u00bb4.6.6&#8243; _module_preset=\u00bbdefault\u00bb follow_button=\u00bboff\u00bb url_new_window=\u00bbon\u00bb url=\u00bbhttps:\/\/www.facebook.com\/Soluciones-Log%C3%ADsticas-y-Transporte-114731310445757&#8243; hover_enabled=\u00bb0&#8243; sticky_enabled=\u00bb0&#8243; use_icon_font_size=\u00bbon\u00bb icon_font_size=\u00bb24px\u00bb]facebook[\/et_pb_social_media_follow_network][\/et_pb_social_media_follow][et_pb_divider _builder_version=\u00bb4.6.6&#8243; _module_preset=\u00bbdefault\u00bb hover_enabled=\u00bb0&#8243; sticky_enabled=\u00bb0&#8243;][\/et_pb_divider][et_pb_contact_form email=\u00bbelsalvador@slt.com.sv\u00bb title=\u00bbEnv\u00edenos un Mensaje\u00bb admin_label=\u00bbFormulario de contacto\u00bb module_id=\u00bbet_pb_contact_form_0&#8243; _builder_version=\u00bb3.0.87&#8243;][et_pb_contact_field field_id=\u00bbName\u00bb field_title=\u00bbNombre\u00bb _builder_version=\u00bb3.16&#8243; button_text_size__hover_enabled=\u00bboff\u00bb button_one_text_size__hover_enabled=\u00bboff\u00bb button_two_text_size__hover_enabled=\u00bboff\u00bb button_text_color__hover_enabled=\u00bboff\u00bb button_one_text_color__hover_enabled=\u00bboff\u00bb button_two_text_color__hover_enabled=\u00bboff\u00bb button_border_width__hover_enabled=\u00bboff\u00bb button_one_border_width__hover_enabled=\u00bboff\u00bb button_two_border_width__hover_enabled=\u00bboff\u00bb button_border_color__hover_enabled=\u00bboff\u00bb button_one_border_color__hover_enabled=\u00bboff\u00bb button_two_border_color__hover_enabled=\u00bboff\u00bb button_border_radius__hover_enabled=\u00bboff\u00bb button_one_border_radius__hover_enabled=\u00bboff\u00bb button_two_border_radius__hover_enabled=\u00bboff\u00bb button_letter_spacing__hover_enabled=\u00bboff\u00bb button_one_letter_spacing__hover_enabled=\u00bboff\u00bb button_two_letter_spacing__hover_enabled=\u00bboff\u00bb button_bg_color__hover_enabled=\u00bboff\u00bb button_one_bg_color__hover_enabled=\u00bboff\u00bb button_two_bg_color__hover_enabled=\u00bboff\u00bb][\/et_pb_contact_field][et_pb_contact_field field_id=\u00bbEmail\u00bb field_title=\u00bbDirecci\u00f3n de correo electr\u00f3nico\u00bb field_type=\u00bbemail\u00bb _builder_version=\u00bb3.16&#8243; button_text_size__hover_enabled=\u00bboff\u00bb button_one_text_size__hover_enabled=\u00bboff\u00bb button_two_text_size__hover_enabled=\u00bboff\u00bb button_text_color__hover_enabled=\u00bboff\u00bb button_one_text_color__hover_enabled=\u00bboff\u00bb button_two_text_color__hover_enabled=\u00bboff\u00bb button_border_width__hover_enabled=\u00bboff\u00bb button_one_border_width__hover_enabled=\u00bboff\u00bb button_two_border_width__hover_enabled=\u00bboff\u00bb button_border_color__hover_enabled=\u00bboff\u00bb button_one_border_color__hover_enabled=\u00bboff\u00bb button_two_border_color__hover_enabled=\u00bboff\u00bb button_border_radius__hover_enabled=\u00bboff\u00bb button_one_border_radius__hover_enabled=\u00bboff\u00bb button_two_border_radius__hover_enabled=\u00bboff\u00bb button_letter_spacing__hover_enabled=\u00bboff\u00bb button_one_letter_spacing__hover_enabled=\u00bboff\u00bb button_two_letter_spacing__hover_enabled=\u00bboff\u00bb button_bg_color__hover_enabled=\u00bboff\u00bb button_one_bg_color__hover_enabled=\u00bboff\u00bb button_two_bg_color__hover_enabled=\u00bboff\u00bb][\/et_pb_contact_field][et_pb_contact_field field_id=\u00bbMessage\u00bb field_title=\u00bbMensaje\u00bb field_type=\u00bbtext\u00bb fullwidth_field=\u00bbon\u00bb _builder_version=\u00bb3.16&#8243; button_text_size__hover_enabled=\u00bboff\u00bb button_one_text_size__hover_enabled=\u00bboff\u00bb button_two_text_size__hover_enabled=\u00bboff\u00bb button_text_color__hover_enabled=\u00bboff\u00bb button_one_text_color__hover_enabled=\u00bboff\u00bb button_two_text_color__hover_enabled=\u00bboff\u00bb button_border_width__hover_enabled=\u00bboff\u00bb button_one_border_width__hover_enabled=\u00bboff\u00bb button_two_border_width__hover_enabled=\u00bboff\u00bb button_border_color__hover_enabled=\u00bboff\u00bb button_one_border_color__hover_enabled=\u00bboff\u00bb button_two_border_color__hover_enabled=\u00bboff\u00bb button_border_radius__hover_enabled=\u00bboff\u00bb button_one_border_radius__hover_enabled=\u00bboff\u00bb button_two_border_radius__hover_enabled=\u00bboff\u00bb button_letter_spacing__hover_enabled=\u00bboff\u00bb button_one_letter_spacing__hover_enabled=\u00bboff\u00bb button_two_letter_spacing__hover_enabled=\u00bboff\u00bb button_bg_color__hover_enabled=\u00bboff\u00bb button_one_bg_color__hover_enabled=\u00bboff\u00bb button_two_bg_color__hover_enabled=\u00bboff\u00bb][\/et_pb_contact_field][\/et_pb_contact_form][\/et_pb_column][et_pb_column type=\u00bb1_2&#8243; _builder_version=\u00bb3.25&#8243; background_position=\u00bbtop_left\u00bb custom_padding=\u00bb|||\u00bb custom_padding__hover=\u00bb|||\u00bb][et_pb_map address=\u00bbCentral America\u00bb zoom_level=\u00bb6&#8243; address_lat=\u00bb11.867417299739698&#8243; address_lng=\u00bb-85.03107523749996&#8243; mouse_wheel=\u00bboff\u00bb admin_label=\u00bbMapa\u00bb module_id=\u00bbmapapie\u00bb _builder_version=\u00bb3.0.91&#8243;][et_pb_map_pin title=\u00bbSLT Panam\u00e1\u00bb pin_address=\u00bbCalle 53 Este, Panam\u00e1\u00bb pin_address_lat=\u00bb8.980324&#8243; pin_address_lng=\u00bb-79.51983999999999&#8243; _builder_version=\u00bb3.0.47&#8243;][\/et_pb_map_pin][et_pb_map_pin title=\u00bbSLT El Salvador\u00bb pin_address=\u00bbCalle Cuscatlan 133, San Salvador, El Salvador\u00bb pin_address_lat=\u00bb13.699657575159364&#8243; pin_address_lng=\u00bb-89.23619131335295&#8243; _builder_version=\u00bb3.0.47&#8243;][\/et_pb_map_pin][et_pb_map_pin title=\u00bbSLT Honduras\u00bb pin_address=\u00bbCalle Principal Loma Linda, Tegucigalpa, Honduras\u00bb pin_address_lat=\u00bb14.0853375&#8243; pin_address_lng=\u00bb-87.19329149999999&#8243; _builder_version=\u00bb3.0.47&#8243;][\/et_pb_map_pin][\/et_pb_map][\/et_pb_column][\/et_pb_row][\/et_pb_section]<\/p>\n","protected":false},"excerpt":{"rendered":"<p>Soluciones Log\u00edsticas y Transporte Apoyamos a nuestros clientes con soluciones profesionales de log\u00edstica y transporte en El Salvador, Honduras y Panam\u00e1Nuestra principal ventaja Brindamos a nuestros clientes soluciones y servicios de log\u00edstica y transporte para afrontar las necesidades de su negocio en las distintas cadenas de abastecimiento. Poseemos una amplia experiencia y personal capacitado para [&hellip;]<\/p>\n","protected":false},"author":1,"featured_media":0,"parent":0,"menu_order":0,"comment_status":"closed","ping_status":"closed","template":"","meta":{"_et_pb_use_builder":"on","_et_pb_old_content":"","_et_gb_content_width":"","_joinchat":[]},"_links":{"self":[{"href":"https:\/\/slt.com.sv\/site\/wp-json\/wp\/v2\/pages\/44"}],"collection":[{"href":"https:\/\/slt.com.sv\/site\/wp-json\/wp\/v2\/pages"}],"about":[{"href":"https:\/\/slt.com.sv\/site\/wp-json\/wp\/v2\/types\/page"}],"author":[{"embeddable":true,"href":"https:\/\/slt.com.sv\/site\/wp-json\/wp\/v2\/users\/1"}],"replies":[{"embeddable":true,"href":"https:\/\/slt.com.sv\/site\/wp-json\/wp\/v2\/comments?post=44"}],"version-history":[{"count":32,"href":"https:\/\/slt.com.sv\/site\/wp-json\/wp\/v2\/pages\/44\/revisions"}],"predecessor-version":[{"id":327,"href":"https:\/\/slt.com.sv\/site\/wp-json\/wp\/v2\/pages\/44\/revisions\/327"}],"wp:attachment":[{"href":"https:\/\/slt.com.sv\/site\/wp-json\/wp\/v2\/media?parent=44"}],"curies":[{"name":"wp","href":"https:\/\/api.w.org\/{rel}","templated":true}]}}