{"id":46,"date":"2017-06-17T19:04:16","date_gmt":"2017-06-18T01:04:16","guid":{"rendered":"http:\/\/slt.com.sv\/site\/soluciones\/"},"modified":"2017-07-16T21:28:00","modified_gmt":"2017-07-17T03:28:00","slug":"soluciones","status":"publish","type":"page","link":"https:\/\/slt.com.sv\/site\/soluciones\/","title":{"rendered":"Soluciones"},"content":{"rendered":"<p>[et_pb_section fb_built=\u00bb1&#8243; fullwidth=\u00bbon\u00bb _builder_version=\u00bb3.0.51&#8243;][et_pb_fullwidth_header title=\u00bbSoluciones y Servicios de Log\u00edstica y Transporte\u00bb subhead=\u00bbPanam\u00e1, El Salvador y Honduras\u00bb text_orientation=\u00bbcenter\u00bb header_fullscreen=\u00bbon\u00bb button_one_text=\u00bbServicios de Transporte\u00bb button_one_url=\u00bb\/site\/soluciones\/transporte\/\u00bb button_two_text=\u00bbSoluciones de Log\u00edstica\u00bb button_two_url=\u00bb\/site\/soluciones\/logistica\/\u00bb logo_image_url=\u00bbhttp:\/\/slt.com.sv\/site\/wp-content\/uploads\/2017\/06\/LogoSLT.png\u00bb _builder_version=\u00bb3.0.51&#8243; background_image=\u00bbhttp:\/\/slt.com.sv\/site\/wp-content\/uploads\/2017\/07\/iStock-585617792.jpg\u00bb parallax=\u00bbon\u00bb parallax_method=\u00bbon\u00bb background_layout=\u00bbdark\u00bb background_color=\u00bb#0c71c3&#8243; custom_button_one=\u00bbon\u00bb button_one_bg_color=\u00bbrgba(255,255,255,0.26)\u00bb button_one_text_color=\u00bb#ffffff\u00bb custom_button_two=\u00bbon\u00bb button_two_bg_color=\u00bbrgba(255,255,255,0.26)\u00bb button_two_text_color=\u00bb#ffffff\u00bb]<\/p>\n<p>Proveemos la mejor soluci\u00f3n en la cadena de abastecimiento mediante un buen recurso humano, innovaci\u00f3n tecnol\u00f3gica, respeto a nuestros clientes e integridad en el manejo de la informaci\u00f3n<\/p>\n<p>[\/et_pb_fullwidth_header][\/et_pb_section][et_pb_section fb_built=\u00bb1&#8243; custom_padding=\u00bb0px||0px|\u00bb admin_label=\u00bbSecci\u00f3n\u00bb _builder_version=\u00bb3.0.51&#8243; global_module=\u00bb109&#8243;][et_pb_row make_fullwidth=\u00bbon\u00bb use_custom_gutter=\u00bbon\u00bb gutter_width=\u00bb1&#8243; custom_padding=\u00bb0px||0px|\u00bb custom_margin=\u00bb0px||0px|\u00bb padding_top_1=\u00bb60px\u00bb padding_right_1=\u00bb60px\u00bb padding_bottom_1=\u00bb60px\u00bb padding_left_1=\u00bb60px\u00bb background_position_1=\u00bbtop_left\u00bb background_position_2=\u00bbtop_left\u00bb background_repeat_1=\u00bbno-repeat\u00bb background_repeat_2=\u00bbno-repeat\u00bb admin_label=\u00bbFila\u00bb _builder_version=\u00bb3.0.51&#8243; background_size=\u00bbinitial\u00bb background_position=\u00bbtop_left\u00bb background_repeat=\u00bbrepeat\u00bb][et_pb_column type=\u00bb1_2&#8243; _builder_version=\u00bb3.0.47&#8243; padding_bottom=\u00bb60px\u00bb padding_left=\u00bb60px\u00bb padding_right=\u00bb60px\u00bb padding_top=\u00bb60px\u00bb parallax=\u00bboff\u00bb parallax_method=\u00bbon\u00bb background_position=\u00bbtop_left\u00bb background_repeat=\u00bbno-repeat\u00bb][et_pb_text admin_label=\u00bbTexto\u00bb _builder_version=\u00bb3.0.51&#8243; custom_margin=\u00bb||35px|\u00bb custom_padding=\u00bb|||\u00bb]<\/p>\n<h2>Cont\u00e1ctenos<\/h2>\n<p><strong>Panam\u00e1:<\/strong> +507 6009 4142<br \/> panama@slt.com.sv<\/p>\n<p><strong>El Salvador:<\/strong> +503 2219 7254<br \/> elsalvador@slt.com.sv<\/p>\n<p><strong>Honduras:<\/strong> +504 8950 5044<br \/> honduras@slt.com.sv<\/p>\n<p>[\/et_pb_text][et_pb_contact_form title=\u00bbEnv\u00edenos un Mensaje\u00bb admin_label=\u00bbFormulario de contacto\u00bb module_id=\u00bbet_pb_contact_form_0&#8243; _builder_version=\u00bb3.0.51&#8243;][et_pb_contact_field field_id=\u00bbName\u00bb field_title=\u00bbNombre\u00bb _builder_version=\u00bb3.0.47&#8243;][\/et_pb_contact_field][et_pb_contact_field field_id=\u00bbEmail\u00bb field_title=\u00bbDirecci\u00f3n de correo electr\u00f3nico\u00bb field_type=\u00bbemail\u00bb _builder_version=\u00bb3.0.47&#8243;][\/et_pb_contact_field][et_pb_contact_field field_id=\u00bbMessage\u00bb field_title=\u00bbMensaje\u00bb field_type=\u00bbtext\u00bb fullwidth_field=\u00bbon\u00bb _builder_version=\u00bb3.0.47&#8243;][\/et_pb_contact_field][\/et_pb_contact_form][\/et_pb_column][et_pb_column type=\u00bb1_2&#8243; _builder_version=\u00bb3.0.47&#8243; parallax=\u00bboff\u00bb parallax_method=\u00bbon\u00bb background_position=\u00bbtop_left\u00bb background_repeat=\u00bbno-repeat\u00bb][et_pb_map address=\u00bbCentral America\u00bb zoom_level=\u00bb6&#8243; address_lat=\u00bb11.867417299739698&#8243; address_lng=\u00bb-85.03107523749996&#8243; mouse_wheel=\u00bboff\u00bb admin_label=\u00bbMapa\u00bb module_id=\u00bbmapapie\u00bb _builder_version=\u00bb3.0.51&#8243;][et_pb_map_pin title=\u00bbSLT Panam\u00e1\u00bb pin_address=\u00bbCalle 53 Este, Panam\u00e1\u00bb pin_address_lat=\u00bb8.980324&#8243; pin_address_lng=\u00bb-79.51983999999999&#8243; _builder_version=\u00bb3.0.47&#8243;][\/et_pb_map_pin][et_pb_map_pin title=\u00bbSLT El Salvador\u00bb pin_address=\u00bbCalle Cuscatlan 133, San Salvador, El Salvador\u00bb pin_address_lat=\u00bb13.699657575159364&#8243; pin_address_lng=\u00bb-89.23619131335295&#8243; _builder_version=\u00bb3.0.47&#8243;][\/et_pb_map_pin][et_pb_map_pin title=\u00bbSLT Honduras\u00bb pin_address=\u00bbCalle Principal Loma Linda, Tegucigalpa, Honduras\u00bb pin_address_lat=\u00bb14.0853375&#8243; pin_address_lng=\u00bb-87.19329149999999&#8243; _builder_version=\u00bb3.0.47&#8243;][\/et_pb_map_pin][\/et_pb_map][\/et_pb_column][\/et_pb_row][\/et_pb_section]<\/p>\n","protected":false},"excerpt":{"rendered":"<p>Proveemos la mejor soluci\u00f3n en la cadena de abastecimiento mediante un buen recurso humano, innovaci\u00f3n tecnol\u00f3gica, respeto a nuestros clientes e integridad en el manejo de la informaci\u00f3n Cont\u00e1ctenos Panam\u00e1: +507 6009 4142 panama@slt.com.sv El Salvador: +503 2219 7254 elsalvador@slt.com.sv Honduras: +504 8950 5044 honduras@slt.com.sv<\/p>\n","protected":false},"author":1,"featured_media":0,"parent":0,"menu_order":2,"comment_status":"closed","ping_status":"closed","template":"","meta":{"_et_pb_use_builder":"on","_et_pb_old_content":"","_et_gb_content_width":"","_joinchat":[]},"_links":{"self":[{"href":"https:\/\/slt.com.sv\/site\/wp-json\/wp\/v2\/pages\/46"}],"collection":[{"href":"https:\/\/slt.com.sv\/site\/wp-json\/wp\/v2\/pages"}],"about":[{"href":"https:\/\/slt.com.sv\/site\/wp-json\/wp\/v2\/types\/page"}],"author":[{"embeddable":true,"href":"https:\/\/slt.com.sv\/site\/wp-json\/wp\/v2\/users\/1"}],"replies":[{"embeddable":true,"href":"https:\/\/slt.com.sv\/site\/wp-json\/wp\/v2\/comments?post=46"}],"version-history":[{"count":2,"href":"https:\/\/slt.com.sv\/site\/wp-json\/wp\/v2\/pages\/46\/revisions"}],"predecessor-version":[{"id":146,"href":"https:\/\/slt.com.sv\/site\/wp-json\/wp\/v2\/pages\/46\/revisions\/146"}],"wp:attachment":[{"href":"https:\/\/slt.com.sv\/site\/wp-json\/wp\/v2\/media?parent=46"}],"curies":[{"name":"wp","href":"https:\/\/api.w.org\/{rel}","templated":true}]}}