{"id":50,"date":"2017-06-17T19:04:16","date_gmt":"2017-06-18T01:04:16","guid":{"rendered":"http:\/\/slt.com.sv\/site\/soluciones\/transporte\/"},"modified":"2020-11-06T15:10:44","modified_gmt":"2020-11-06T21:10:44","slug":"transporte","status":"publish","type":"page","link":"https:\/\/slt.com.sv\/site\/soluciones\/transporte\/","title":{"rendered":"Transporte"},"content":{"rendered":"<p>[et_pb_section fb_built=\u00bb1&#8243; _builder_version=\u00bb3.22&#8243;][et_pb_row _builder_version=\u00bb3.25&#8243;][et_pb_column type=\u00bb4_4&#8243; _builder_version=\u00bb3.25&#8243; custom_padding=\u00bb|||\u00bb custom_padding__hover=\u00bb|||\u00bb][et_pb_text _builder_version=\u00bb3.27.4&#8243; text_orientation=\u00bbcenter\u00bb module_alignment=\u00bbcenter\u00bb]<\/p>\n<h1>Servicios de Transporte<\/h1>\n<p>[\/et_pb_text][\/et_pb_column][\/et_pb_row][\/et_pb_section][et_pb_section fb_built=\u00bb1&#8243; _builder_version=\u00bb3.22&#8243; background_color=\u00bb#f1f1f1&#8243; background_image=\u00bbhttp:\/\/slt.com.sv\/site\/wp-content\/uploads\/2017\/09\/transporte-proyectos-especiales.jpg\u00bb parallax=\u00bbon\u00bb parallax_method=\u00bboff\u00bb][et_pb_row column_structure=\u00bb1_2,1_2&#8243; _builder_version=\u00bb3.25&#8243;][et_pb_column type=\u00bb1_2&#8243; _builder_version=\u00bb3.25&#8243; custom_padding=\u00bb|||\u00bb custom_padding__hover=\u00bb|||\u00bb][et_pb_text _builder_version=\u00bb4.6.6&#8243;]<\/p>\n<h1>DISTRIBUCI\u00d3N LOCAL<\/h1>\n<p>&nbsp;<\/p>\n<p>Proyectos especiales para SLT son todas aquellas actividades realizadas para un cliente, en el cual se necesita dos cosas que son el tiempo y tipo de equipo a utilizar para lograr finalizar el proyecto establecido.<\/p>\n<p>El tiempo es imperativo debido a que estas actividades generalmente tienen la fecha de inicio y la fecha de aproximada del fin.<\/p>\n<p>El equipo y el personal a utilizar en los proyectos especiales es equipo que tradicionalmente no se usa en las actividades de entregas y distribuci\u00f3n log\u00edstica, dentro de estos equipos podemos mencionar\u00a0 gr\u00faas, naves fluviales, aeronaves, naves mar\u00edtimas, personal de construcci\u00f3n, alba\u00f1iler\u00eda, soldadura, etc.<\/p>\n<p>[\/et_pb_text][\/et_pb_column][et_pb_column type=\u00bb1_2&#8243; _builder_version=\u00bb3.25&#8243; custom_padding=\u00bb|||\u00bb custom_padding__hover=\u00bb|||\u00bb][\/et_pb_column][\/et_pb_row][\/et_pb_section][et_pb_section fb_built=\u00bb1&#8243; _builder_version=\u00bb4.6.6&#8243; background_image=\u00bbhttps:\/\/slt.com.sv\/site\/wp-content\/uploads\/2020\/11\/transporte-internacionalok.jpg\u00bb parallax=\u00bbon\u00bb parallax_method=\u00bboff\u00bb hover_enabled=\u00bb0&#8243; sticky_enabled=\u00bb0&#8243; title_text=\u00bbtransporte-internacionalok\u00bb][et_pb_row column_structure=\u00bb1_2,1_2&#8243; _builder_version=\u00bb3.25&#8243;][et_pb_column type=\u00bb1_2&#8243; _builder_version=\u00bb3.25&#8243; custom_padding=\u00bb|||\u00bb custom_padding__hover=\u00bb|||\u00bb][\/et_pb_column][et_pb_column type=\u00bb1_2&#8243; _builder_version=\u00bb3.25&#8243; custom_padding=\u00bb|||\u00bb custom_padding__hover=\u00bb|||\u00bb][et_pb_text _builder_version=\u00bb4.6.6&#8243;]<\/p>\n<h1>MUDANZAS<\/h1>\n<p>&nbsp;<\/p>\n<p>El transporte especializado es aquel transporte realizado por SLT en el cual nuestra empresa realiza un estudio detallado de las necesidades reales del cliente en el \u00e1rea de transporte. De acuerdo a esa necesidad SLT propone el tipo de unidades de transporte m\u00e1s apropiadas para el movimiento del producto. En este estudio se toman muy en cuenta aspectos como frecuencia de visita, direcci\u00f3n de los clientes, volumen y peso de los productos.<\/p>\n<p>[\/et_pb_text][\/et_pb_column][\/et_pb_row][\/et_pb_section][et_pb_section fb_built=\u00bb1&#8243; _builder_version=\u00bb4.6.6&#8243; background_color=\u00bb#f1f1f1&#8243; background_image=\u00bbhttps:\/\/slt.com.sv\/site\/wp-content\/uploads\/2017\/09\/transporte-proyectos-especiales.jpg\u00bb parallax=\u00bbon\u00bb parallax_method=\u00bboff\u00bb hover_enabled=\u00bb0&#8243; title_text=\u00bbtransporte-proyectos-especiales\u00bb sticky_enabled=\u00bb0&#8243;][et_pb_row column_structure=\u00bb1_2,1_2&#8243; _builder_version=\u00bb3.25&#8243;][et_pb_column type=\u00bb1_2&#8243; _builder_version=\u00bb3.25&#8243; custom_padding=\u00bb|||\u00bb custom_padding__hover=\u00bb|||\u00bb][et_pb_text _builder_version=\u00bb4.6.6&#8243;]<\/p>\n<h1>MENSAJER\u00cdA<\/h1>\n<p>&nbsp;<\/p>\n<p>El transporte internacional es el transporte de productos m\u00e1s conocido y m\u00e1s popular, ya que b\u00e1sicamente\u00a0 SLT transporta los bienes de un cliente a lo largo de todo Centro Am\u00e9rica y\u00a0 M\u00e9xico. Dentro de las actividades que se pueden mencionar estan la elaboraci\u00f3n de documentos, carga de la mercader\u00eda, el agenciamiento aduanal, la seguridad, el control y de movimiento hasta la descarga en el sitio de entrega.<\/p>\n<p>[\/et_pb_text][\/et_pb_column][et_pb_column type=\u00bb1_2&#8243; _builder_version=\u00bb3.25&#8243; custom_padding=\u00bb|||\u00bb custom_padding__hover=\u00bb|||\u00bb][\/et_pb_column][\/et_pb_row][\/et_pb_section][et_pb_section fb_built=\u00bb1&#8243; admin_label=\u00bbSecci\u00f3n\u00bb _builder_version=\u00bb3.0.51&#8243; custom_padding=\u00bb0px||0px|\u00bb global_module=\u00bb109&#8243;][et_pb_row column_structure=\u00bb1_2,1_2&#8243; use_custom_gutter=\u00bbon\u00bb gutter_width=\u00bb1&#8243; admin_label=\u00bbFila\u00bb module_class=\u00bb et_pb_row_fullwidth\u00bb _builder_version=\u00bb3.25&#8243; background_size=\u00bbinitial\u00bb background_position=\u00bbtop_left\u00bb background_repeat=\u00bbrepeat\u00bb width=\u00bb100%\u00bb width_tablet=\u00bb100%\u00bb width_phone=\u00bb\u00bb width_last_edited=\u00bbon|desktop\u00bb max_width=\u00bb100%\u00bb max_width_tablet=\u00bb100%\u00bb max_width_phone=\u00bb\u00bb max_width_last_edited=\u00bbon|desktop\u00bb custom_margin=\u00bb0px||0px|\u00bb custom_padding=\u00bb0px||0px|\u00bb make_fullwidth=\u00bbon\u00bb][et_pb_column type=\u00bb1_2&#8243; _builder_version=\u00bb3.25&#8243; background_position=\u00bbtop_left\u00bb custom_padding=\u00bb60px|60px|60px|60px\u00bb custom_padding__hover=\u00bb|||\u00bb][et_pb_text admin_label=\u00bbTexto\u00bb _builder_version=\u00bb4.6.6&#8243; custom_margin=\u00bb||35px|\u00bb custom_padding=\u00bb|||\u00bb]<\/p>\n<h2>Cont\u00e1ctenos<\/h2>\n<p><strong>Panam\u00e1:<\/strong> +507 6009 4142<\/p>\n<p><a href=\"mailto:panama@slt.com.sv\" target=\"_blank\" rel=\"noopener noreferrer\">panama@slt.com.sv<\/a><\/p>\n<p><strong>El Salvador:<\/strong> +503 2219 7254<\/p>\n<p><a href=\"mailto:elsalvador@slt.com.sv\" target=\"_blank\" rel=\"noopener noreferrer\">elsalvador@slt.com.sv<\/a><\/p>\n<p><a href=\"mailto:ventas@slt.com.sv\" target=\"_blank\" rel=\"noopener noreferrer\">ventas@slt.com.sv<\/a><\/p>\n<p><strong>Honduras:<\/strong> +504 8950 5044<\/p>\n<p><a href=\"mailto:honduras@slt.com.sv\" target=\"_blank\" rel=\"noopener noreferrer\">honduras@slt.com.sv<\/a>[\/et_pb_text][et_pb_contact_form email=\u00bbelsalvador@slt.com.sv\u00bb title=\u00bbEnv\u00edenos un Mensaje\u00bb admin_label=\u00bbFormulario de contacto\u00bb module_id=\u00bbet_pb_contact_form_0&#8243; _builder_version=\u00bb3.0.87&#8243;][et_pb_contact_field field_id=\u00bbName\u00bb field_title=\u00bbNombre\u00bb _builder_version=\u00bb3.16&#8243; button_text_size__hover_enabled=\u00bboff\u00bb button_one_text_size__hover_enabled=\u00bboff\u00bb button_two_text_size__hover_enabled=\u00bboff\u00bb button_text_color__hover_enabled=\u00bboff\u00bb button_one_text_color__hover_enabled=\u00bboff\u00bb button_two_text_color__hover_enabled=\u00bboff\u00bb button_border_width__hover_enabled=\u00bboff\u00bb button_one_border_width__hover_enabled=\u00bboff\u00bb button_two_border_width__hover_enabled=\u00bboff\u00bb button_border_color__hover_enabled=\u00bboff\u00bb button_one_border_color__hover_enabled=\u00bboff\u00bb button_two_border_color__hover_enabled=\u00bboff\u00bb button_border_radius__hover_enabled=\u00bboff\u00bb button_one_border_radius__hover_enabled=\u00bboff\u00bb button_two_border_radius__hover_enabled=\u00bboff\u00bb button_letter_spacing__hover_enabled=\u00bboff\u00bb button_one_letter_spacing__hover_enabled=\u00bboff\u00bb button_two_letter_spacing__hover_enabled=\u00bboff\u00bb button_bg_color__hover_enabled=\u00bboff\u00bb button_one_bg_color__hover_enabled=\u00bboff\u00bb button_two_bg_color__hover_enabled=\u00bboff\u00bb][\/et_pb_contact_field][et_pb_contact_field field_id=\u00bbEmail\u00bb field_title=\u00bbDirecci\u00f3n de correo electr\u00f3nico\u00bb field_type=\u00bbemail\u00bb _builder_version=\u00bb3.16&#8243; button_text_size__hover_enabled=\u00bboff\u00bb button_one_text_size__hover_enabled=\u00bboff\u00bb button_two_text_size__hover_enabled=\u00bboff\u00bb button_text_color__hover_enabled=\u00bboff\u00bb button_one_text_color__hover_enabled=\u00bboff\u00bb button_two_text_color__hover_enabled=\u00bboff\u00bb button_border_width__hover_enabled=\u00bboff\u00bb button_one_border_width__hover_enabled=\u00bboff\u00bb button_two_border_width__hover_enabled=\u00bboff\u00bb button_border_color__hover_enabled=\u00bboff\u00bb button_one_border_color__hover_enabled=\u00bboff\u00bb button_two_border_color__hover_enabled=\u00bboff\u00bb button_border_radius__hover_enabled=\u00bboff\u00bb button_one_border_radius__hover_enabled=\u00bboff\u00bb button_two_border_radius__hover_enabled=\u00bboff\u00bb button_letter_spacing__hover_enabled=\u00bboff\u00bb button_one_letter_spacing__hover_enabled=\u00bboff\u00bb button_two_letter_spacing__hover_enabled=\u00bboff\u00bb button_bg_color__hover_enabled=\u00bboff\u00bb button_one_bg_color__hover_enabled=\u00bboff\u00bb button_two_bg_color__hover_enabled=\u00bboff\u00bb][\/et_pb_contact_field][et_pb_contact_field field_id=\u00bbMessage\u00bb field_title=\u00bbMensaje\u00bb field_type=\u00bbtext\u00bb fullwidth_field=\u00bbon\u00bb _builder_version=\u00bb3.16&#8243; button_text_size__hover_enabled=\u00bboff\u00bb button_one_text_size__hover_enabled=\u00bboff\u00bb button_two_text_size__hover_enabled=\u00bboff\u00bb button_text_color__hover_enabled=\u00bboff\u00bb button_one_text_color__hover_enabled=\u00bboff\u00bb button_two_text_color__hover_enabled=\u00bboff\u00bb button_border_width__hover_enabled=\u00bboff\u00bb button_one_border_width__hover_enabled=\u00bboff\u00bb button_two_border_width__hover_enabled=\u00bboff\u00bb button_border_color__hover_enabled=\u00bboff\u00bb button_one_border_color__hover_enabled=\u00bboff\u00bb button_two_border_color__hover_enabled=\u00bboff\u00bb button_border_radius__hover_enabled=\u00bboff\u00bb button_one_border_radius__hover_enabled=\u00bboff\u00bb button_two_border_radius__hover_enabled=\u00bboff\u00bb button_letter_spacing__hover_enabled=\u00bboff\u00bb button_one_letter_spacing__hover_enabled=\u00bboff\u00bb button_two_letter_spacing__hover_enabled=\u00bboff\u00bb button_bg_color__hover_enabled=\u00bboff\u00bb button_one_bg_color__hover_enabled=\u00bboff\u00bb button_two_bg_color__hover_enabled=\u00bboff\u00bb][\/et_pb_contact_field][\/et_pb_contact_form][\/et_pb_column][et_pb_column type=\u00bb1_2&#8243; _builder_version=\u00bb3.25&#8243; background_position=\u00bbtop_left\u00bb custom_padding=\u00bb|||\u00bb custom_padding__hover=\u00bb|||\u00bb][et_pb_map address=\u00bbCentral America\u00bb zoom_level=\u00bb6&#8243; address_lat=\u00bb11.867417299739698&#8243; address_lng=\u00bb-85.03107523749996&#8243; mouse_wheel=\u00bboff\u00bb admin_label=\u00bbMapa\u00bb module_id=\u00bbmapapie\u00bb _builder_version=\u00bb3.0.91&#8243;][et_pb_map_pin title=\u00bbSLT Panam\u00e1\u00bb pin_address=\u00bbCalle 53 Este, Panam\u00e1\u00bb pin_address_lat=\u00bb8.980324&#8243; pin_address_lng=\u00bb-79.51983999999999&#8243; _builder_version=\u00bb3.0.47&#8243;][\/et_pb_map_pin][et_pb_map_pin title=\u00bbSLT El Salvador\u00bb pin_address=\u00bbCalle Cuscatlan 133, San Salvador, El Salvador\u00bb pin_address_lat=\u00bb13.699657575159364&#8243; pin_address_lng=\u00bb-89.23619131335295&#8243; _builder_version=\u00bb3.0.47&#8243;][\/et_pb_map_pin][et_pb_map_pin title=\u00bbSLT Honduras\u00bb pin_address=\u00bbCalle Principal Loma Linda, Tegucigalpa, Honduras\u00bb pin_address_lat=\u00bb14.0853375&#8243; pin_address_lng=\u00bb-87.19329149999999&#8243; _builder_version=\u00bb3.0.47&#8243;][\/et_pb_map_pin][\/et_pb_map][\/et_pb_column][\/et_pb_row][\/et_pb_section]<\/p>\n","protected":false},"excerpt":{"rendered":"<p>Servicios de TransporteDISTRIBUCI\u00d3N LOCAL &nbsp; Proyectos especiales para SLT son todas aquellas actividades realizadas para un cliente, en el cual se necesita dos cosas que son el tiempo y tipo de equipo a utilizar para lograr finalizar el proyecto establecido. El tiempo es imperativo debido a que estas actividades generalmente tienen la fecha de inicio [&hellip;]<\/p>\n","protected":false},"author":1,"featured_media":0,"parent":46,"menu_order":6,"comment_status":"closed","ping_status":"closed","template":"","meta":{"_et_pb_use_builder":"on","_et_pb_old_content":"","_et_gb_content_width":"","_joinchat":[]},"_links":{"self":[{"href":"https:\/\/slt.com.sv\/site\/wp-json\/wp\/v2\/pages\/50"}],"collection":[{"href":"https:\/\/slt.com.sv\/site\/wp-json\/wp\/v2\/pages"}],"about":[{"href":"https:\/\/slt.com.sv\/site\/wp-json\/wp\/v2\/types\/page"}],"author":[{"embeddable":true,"href":"https:\/\/slt.com.sv\/site\/wp-json\/wp\/v2\/users\/1"}],"replies":[{"embeddable":true,"href":"https:\/\/slt.com.sv\/site\/wp-json\/wp\/v2\/comments?post=50"}],"version-history":[{"count":7,"href":"https:\/\/slt.com.sv\/site\/wp-json\/wp\/v2\/pages\/50\/revisions"}],"predecessor-version":[{"id":305,"href":"https:\/\/slt.com.sv\/site\/wp-json\/wp\/v2\/pages\/50\/revisions\/305"}],"up":[{"embeddable":true,"href":"https:\/\/slt.com.sv\/site\/wp-json\/wp\/v2\/pages\/46"}],"wp:attachment":[{"href":"https:\/\/slt.com.sv\/site\/wp-json\/wp\/v2\/media?parent=50"}],"curies":[{"name":"wp","href":"https:\/\/api.w.org\/{rel}","templated":true}]}}