{"id":51,"date":"2017-06-17T19:04:16","date_gmt":"2017-06-18T01:04:16","guid":{"rendered":"http:\/\/slt.com.sv\/site\/soluciones\/logistica\/"},"modified":"2020-11-06T15:25:45","modified_gmt":"2020-11-06T21:25:45","slug":"logistica","status":"publish","type":"page","link":"https:\/\/slt.com.sv\/site\/soluciones\/logistica\/","title":{"rendered":"Log\u00edstica"},"content":{"rendered":"<p>[et_pb_section fb_built=\u00bb1&#8243; _builder_version=\u00bb3.22&#8243;][et_pb_row _builder_version=\u00bb3.25&#8243;][et_pb_column type=\u00bb4_4&#8243; _builder_version=\u00bb3.25&#8243; custom_padding=\u00bb|||\u00bb custom_padding__hover=\u00bb|||\u00bb][et_pb_text _builder_version=\u00bb3.27.4&#8243; text_orientation=\u00bbcenter\u00bb module_alignment=\u00bbcenter\u00bb]<\/p>\n<h1>Soluciones de Log&iacute;stica<\/h1>\n<p>[\/et_pb_text][\/et_pb_column][\/et_pb_row][\/et_pb_section][et_pb_section fb_built=\u00bb1&#8243; _builder_version=\u00bb4.6.6&#8243; background_color=\u00bb#f1f1f1&#8243; background_image=\u00bbhttps:\/\/slt.com.sv\/site\/wp-content\/uploads\/2020\/11\/truckOK.jpg\u00bb parallax=\u00bbon\u00bb parallax_method=\u00bboff\u00bb hover_enabled=\u00bb0&#8243; title_text=\u00bbtruckOK\u00bb sticky_enabled=\u00bb0&#8243;][et_pb_row column_structure=\u00bb1_2,1_2&#8243; _builder_version=\u00bb3.25&#8243;][et_pb_column type=\u00bb1_2&#8243; _builder_version=\u00bb3.25&#8243; custom_padding=\u00bb|||\u00bb custom_padding__hover=\u00bb|||\u00bb][et_pb_text _builder_version=\u00bb4.6.6&#8243; hover_enabled=\u00bb0&#8243; text_text_color=\u00bb#ffffff\u00bb header_text_color=\u00bb#ffffff\u00bb sticky_enabled=\u00bb0&#8243;]<\/p>\n<h1>Transporte Especializado<\/h1>\n<p>&nbsp;<\/p>\n<p>Transporte que tiene la caracter\u00edstica que es el m\u00e1s simple de todos los transportes ya que se utiliza \u00fanicamente por las empresas que tienen un sobre stock de productos o productos que estan fuera de su l\u00ednea tradicional de producci\u00f3n o distribuci\u00f3n y que tienen muy pocos \u00edtems y con una rotaci\u00f3n muy baja.<\/p>\n<p>[\/et_pb_text][\/et_pb_column][et_pb_column type=\u00bb1_2&#8243; _builder_version=\u00bb3.25&#8243; custom_padding=\u00bb|||\u00bb custom_padding__hover=\u00bb|||\u00bb][\/et_pb_column][\/et_pb_row][\/et_pb_section][et_pb_section fb_built=\u00bb1&#8243; _builder_version=\u00bb3.22&#8243; background_image=\u00bbhttp:\/\/slt.com.sv\/site\/wp-content\/uploads\/2017\/07\/administracion-de-inventarios.jpg\u00bb parallax=\u00bbon\u00bb parallax_method=\u00bboff\u00bb][et_pb_row column_structure=\u00bb1_2,1_2&#8243; _builder_version=\u00bb3.25&#8243;][et_pb_column type=\u00bb1_2&#8243; _builder_version=\u00bb3.25&#8243; custom_padding=\u00bb|||\u00bb custom_padding__hover=\u00bb|||\u00bb][\/et_pb_column][et_pb_column type=\u00bb1_2&#8243; _builder_version=\u00bb3.25&#8243; custom_padding=\u00bb|||\u00bb custom_padding__hover=\u00bb|||\u00bb][et_pb_text _builder_version=\u00bb3.27.4&#8243;]<\/p>\n<h1>Administraci&oacute;n de Inventarios<\/h1>\n<\/p>\n<p>La administraci&oacute;n de los inventarios es el manejo m&aacute;s complicado de los productos, ya que este se realiza cuando una empresa productora o distribuidora con una alta rotaci&oacute;n y muchos &iacute;tems necesita utilizar a un tercero (operador log&iacute;stico) para que este guarde el control, seguridad y la correcta administraci&oacute;n de los mismos.<\/p>\n<\/p>\n<p>En la administraci&oacute;n de los inventarios encontramos que SLT administra cada producto por lote de producci&oacute;n, lote de vencimiento, primeras entradas, primeras salidas, presentaci&oacute;n del producto, colores, etc., de acuerdo a la necesidad espec&iacute;fica de cada cliente.SLT tambi&eacute;n guarda un record de cada una de las salidas y entradas de cada uno de los productos para poder verificar despu&eacute;s de cada cierto periodo informaci&oacute;n importante como demanda del producto, demanda por temporada, etc.<\/p>\n<p>[\/et_pb_text][\/et_pb_column][\/et_pb_row][\/et_pb_section][et_pb_section fb_built=\u00bb1&#8243; _builder_version=\u00bb3.22&#8243; background_color=\u00bb#f1f1f1&#8243; background_image=\u00bbhttp:\/\/slt.com.sv\/site\/wp-content\/uploads\/2017\/07\/administracion-de-overflow.jpg\u00bb parallax=\u00bbon\u00bb parallax_method=\u00bboff\u00bb][et_pb_row column_structure=\u00bb1_2,1_2&#8243; _builder_version=\u00bb3.25&#8243;][et_pb_column type=\u00bb1_2&#8243; _builder_version=\u00bb3.25&#8243; custom_padding=\u00bb|||\u00bb custom_padding__hover=\u00bb|||\u00bb][et_pb_text _builder_version=\u00bb4.6.6&#8243;]<\/p>\n<h1>Almacenaje Overflow<\/h1>\n<p>&nbsp;<\/p>\n<p>Este almacenaje tiene la caracter\u00edstica que es el m\u00e1s simple de todos los almacenajes ya que se utiliza \u00fanicamente por las empresas que tienen un sobre stock de productos o productos que estan fuera de su l\u00ednea tradicional de producci\u00f3n o distribuci\u00f3n y que tienen muy pocos \u00edtems y con una rotaci\u00f3n muy baja.<\/p>\n<p>[\/et_pb_text][\/et_pb_column][et_pb_column type=\u00bb1_2&#8243; _builder_version=\u00bb3.25&#8243; custom_padding=\u00bb|||\u00bb custom_padding__hover=\u00bb|||\u00bb][\/et_pb_column][\/et_pb_row][\/et_pb_section][et_pb_section fb_built=\u00bb1&#8243; _builder_version=\u00bb3.22&#8243; background_color=\u00bb#f1f1f1&#8243; background_image=\u00bbhttp:\/\/slt.com.sv\/site\/wp-content\/uploads\/2017\/07\/consultoria-logistica.jpg\u00bb parallax=\u00bbon\u00bb parallax_method=\u00bboff\u00bb][et_pb_row column_structure=\u00bb1_2,1_2&#8243; _builder_version=\u00bb3.25&#8243;][et_pb_column type=\u00bb1_2&#8243; _builder_version=\u00bb3.25&#8243; custom_padding=\u00bb|||\u00bb custom_padding__hover=\u00bb|||\u00bb][et_pb_text _builder_version=\u00bb3.27.4&#8243;]<\/p>\n<h1>Consultor&iacute;a Log&iacute;stica<\/h1>\n<\/p>\n<p>Soluciones Log&iacute;sticas y Transporte realiza consultor&iacute;a en log&iacute;stica en las a&eacute;reas de transporte local e internacional, flujo de productos en una bodega, ubicaci&oacute;n clave de los centros de distribuci&oacute;n, manejo apropiado de la carga, etc.<\/p>\n<\/p>\n<p>Para cada una de estas actividades SLT realiza reuniones peri&oacute;dicas con el cliente a fin de poder ir viendo gradualmente los logros de las metas planteadas al inicio del proyecto de consultor&iacute;a.<\/p>\n<p>[\/et_pb_text][\/et_pb_column][et_pb_column type=\u00bb1_2&#8243; _builder_version=\u00bb3.25&#8243; custom_padding=\u00bb|||\u00bb custom_padding__hover=\u00bb|||\u00bb][\/et_pb_column][\/et_pb_row][\/et_pb_section][et_pb_section fb_built=\u00bb1&#8243; _builder_version=\u00bb3.22&#8243; background_image=\u00bbhttp:\/\/slt.com.sv\/site\/wp-content\/uploads\/2017\/07\/logistica-en-reversa.jpg\u00bb parallax=\u00bbon\u00bb parallax_method=\u00bboff\u00bb][et_pb_row column_structure=\u00bb1_2,1_2&#8243; _builder_version=\u00bb3.25&#8243; parallax=\u00bbon\u00bb parallax_method=\u00bboff\u00bb][et_pb_column type=\u00bb1_2&#8243; _builder_version=\u00bb3.25&#8243; custom_padding=\u00bb|||\u00bb custom_padding__hover=\u00bb|||\u00bb][\/et_pb_column][et_pb_column type=\u00bb1_2&#8243; _builder_version=\u00bb3.25&#8243; custom_padding=\u00bb|||\u00bb custom_padding__hover=\u00bb|||\u00bb][et_pb_text _builder_version=\u00bb3.27.4&#8243;]<\/p>\n<h1>Log&iacute;stica en Reversa<\/h1>\n<\/p>\n<p>Soluciones Log&iacute;sticas y Transporte realiza todo tipo de actividades de log&iacute;stica en reversa tales como recolecci&oacute;n de devoluciones de productos a los clientes, cambio por cambio de productos espec&iacute;ficos, destrucci&oacute;n de productos, tr&aacute;mites de destrucci&oacute;n de productos t&oacute;xicos o medicamentos, certificaciones de destrucci&oacute;n de productos y la destrucci&oacute;n f&iacute;sica de productos en lugares aptos para lo mismo.<\/p>\n<\/p>\n<p>SLT posee un grupo de auditores certificados y capacitados as&iacute; como el personal operativo necesario para poder colaborar con las empresas que necesiten desalojar o destruir producto que por diferentes motivos se ha vencido, da&ntilde;ado o salido del mercado y que estos utilizan espacio vital en sus instalaciones.<\/p>\n<p>[\/et_pb_text][\/et_pb_column][\/et_pb_row][\/et_pb_section][et_pb_section fb_built=\u00bb1&#8243; admin_label=\u00bbSecci\u00f3n\u00bb _builder_version=\u00bb3.0.51&#8243; custom_padding=\u00bb0px||0px|\u00bb global_module=\u00bb109&#8243;][et_pb_row column_structure=\u00bb1_2,1_2&#8243; use_custom_gutter=\u00bbon\u00bb gutter_width=\u00bb1&#8243; admin_label=\u00bbFila\u00bb module_class=\u00bb et_pb_row_fullwidth\u00bb _builder_version=\u00bb3.25&#8243; background_size=\u00bbinitial\u00bb background_position=\u00bbtop_left\u00bb background_repeat=\u00bbrepeat\u00bb width=\u00bb100%\u00bb width_tablet=\u00bb100%\u00bb width_phone=\u00bb\u00bb width_last_edited=\u00bbon|desktop\u00bb max_width=\u00bb100%\u00bb max_width_tablet=\u00bb100%\u00bb max_width_phone=\u00bb\u00bb max_width_last_edited=\u00bbon|desktop\u00bb custom_margin=\u00bb0px||0px|\u00bb custom_padding=\u00bb0px||0px|\u00bb make_fullwidth=\u00bbon\u00bb][et_pb_column type=\u00bb1_2&#8243; _builder_version=\u00bb3.25&#8243; background_position=\u00bbtop_left\u00bb custom_padding=\u00bb60px|60px|60px|60px\u00bb custom_padding__hover=\u00bb|||\u00bb][et_pb_text admin_label=\u00bbTexto\u00bb _builder_version=\u00bb4.6.6&#8243; custom_margin=\u00bb||35px|\u00bb custom_padding=\u00bb|||\u00bb]<\/p>\n<h2>Cont\u00e1ctenos<\/h2>\n<p><strong>Panam\u00e1:<\/strong> +507 6009 4142<\/p>\n<p><a href=\"mailto:panama@slt.com.sv\" target=\"_blank\" rel=\"noopener noreferrer\">panama@slt.com.sv<\/a><\/p>\n<p><strong>El Salvador:<\/strong> +503 2219 7254<\/p>\n<p><a href=\"mailto:elsalvador@slt.com.sv\" target=\"_blank\" rel=\"noopener noreferrer\">elsalvador@slt.com.sv<\/a><\/p>\n<p><a href=\"mailto:ventas@slt.com.sv\" target=\"_blank\" rel=\"noopener noreferrer\">ventas@slt.com.sv<\/a><\/p>\n<p><strong>Honduras:<\/strong> +504 8950 5044<\/p>\n<p><a href=\"mailto:honduras@slt.com.sv\" target=\"_blank\" rel=\"noopener noreferrer\">honduras@slt.com.sv<\/a>[\/et_pb_text][et_pb_contact_form email=\u00bbelsalvador@slt.com.sv\u00bb title=\u00bbEnv\u00edenos un Mensaje\u00bb admin_label=\u00bbFormulario de contacto\u00bb module_id=\u00bbet_pb_contact_form_0&#8243; _builder_version=\u00bb3.0.87&#8243;][et_pb_contact_field field_id=\u00bbName\u00bb field_title=\u00bbNombre\u00bb _builder_version=\u00bb3.16&#8243; button_text_size__hover_enabled=\u00bboff\u00bb button_one_text_size__hover_enabled=\u00bboff\u00bb button_two_text_size__hover_enabled=\u00bboff\u00bb button_text_color__hover_enabled=\u00bboff\u00bb button_one_text_color__hover_enabled=\u00bboff\u00bb button_two_text_color__hover_enabled=\u00bboff\u00bb button_border_width__hover_enabled=\u00bboff\u00bb button_one_border_width__hover_enabled=\u00bboff\u00bb button_two_border_width__hover_enabled=\u00bboff\u00bb button_border_color__hover_enabled=\u00bboff\u00bb button_one_border_color__hover_enabled=\u00bboff\u00bb button_two_border_color__hover_enabled=\u00bboff\u00bb button_border_radius__hover_enabled=\u00bboff\u00bb button_one_border_radius__hover_enabled=\u00bboff\u00bb button_two_border_radius__hover_enabled=\u00bboff\u00bb button_letter_spacing__hover_enabled=\u00bboff\u00bb button_one_letter_spacing__hover_enabled=\u00bboff\u00bb button_two_letter_spacing__hover_enabled=\u00bboff\u00bb button_bg_color__hover_enabled=\u00bboff\u00bb button_one_bg_color__hover_enabled=\u00bboff\u00bb button_two_bg_color__hover_enabled=\u00bboff\u00bb][\/et_pb_contact_field][et_pb_contact_field field_id=\u00bbEmail\u00bb field_title=\u00bbDirecci\u00f3n de correo electr\u00f3nico\u00bb field_type=\u00bbemail\u00bb _builder_version=\u00bb3.16&#8243; button_text_size__hover_enabled=\u00bboff\u00bb button_one_text_size__hover_enabled=\u00bboff\u00bb button_two_text_size__hover_enabled=\u00bboff\u00bb button_text_color__hover_enabled=\u00bboff\u00bb button_one_text_color__hover_enabled=\u00bboff\u00bb button_two_text_color__hover_enabled=\u00bboff\u00bb button_border_width__hover_enabled=\u00bboff\u00bb button_one_border_width__hover_enabled=\u00bboff\u00bb button_two_border_width__hover_enabled=\u00bboff\u00bb button_border_color__hover_enabled=\u00bboff\u00bb button_one_border_color__hover_enabled=\u00bboff\u00bb button_two_border_color__hover_enabled=\u00bboff\u00bb button_border_radius__hover_enabled=\u00bboff\u00bb button_one_border_radius__hover_enabled=\u00bboff\u00bb button_two_border_radius__hover_enabled=\u00bboff\u00bb button_letter_spacing__hover_enabled=\u00bboff\u00bb button_one_letter_spacing__hover_enabled=\u00bboff\u00bb button_two_letter_spacing__hover_enabled=\u00bboff\u00bb button_bg_color__hover_enabled=\u00bboff\u00bb button_one_bg_color__hover_enabled=\u00bboff\u00bb button_two_bg_color__hover_enabled=\u00bboff\u00bb][\/et_pb_contact_field][et_pb_contact_field field_id=\u00bbMessage\u00bb field_title=\u00bbMensaje\u00bb field_type=\u00bbtext\u00bb fullwidth_field=\u00bbon\u00bb _builder_version=\u00bb3.16&#8243; button_text_size__hover_enabled=\u00bboff\u00bb button_one_text_size__hover_enabled=\u00bboff\u00bb button_two_text_size__hover_enabled=\u00bboff\u00bb button_text_color__hover_enabled=\u00bboff\u00bb button_one_text_color__hover_enabled=\u00bboff\u00bb button_two_text_color__hover_enabled=\u00bboff\u00bb button_border_width__hover_enabled=\u00bboff\u00bb button_one_border_width__hover_enabled=\u00bboff\u00bb button_two_border_width__hover_enabled=\u00bboff\u00bb button_border_color__hover_enabled=\u00bboff\u00bb button_one_border_color__hover_enabled=\u00bboff\u00bb button_two_border_color__hover_enabled=\u00bboff\u00bb button_border_radius__hover_enabled=\u00bboff\u00bb button_one_border_radius__hover_enabled=\u00bboff\u00bb button_two_border_radius__hover_enabled=\u00bboff\u00bb button_letter_spacing__hover_enabled=\u00bboff\u00bb button_one_letter_spacing__hover_enabled=\u00bboff\u00bb button_two_letter_spacing__hover_enabled=\u00bboff\u00bb button_bg_color__hover_enabled=\u00bboff\u00bb button_one_bg_color__hover_enabled=\u00bboff\u00bb button_two_bg_color__hover_enabled=\u00bboff\u00bb][\/et_pb_contact_field][\/et_pb_contact_form][\/et_pb_column][et_pb_column type=\u00bb1_2&#8243; _builder_version=\u00bb3.25&#8243; background_position=\u00bbtop_left\u00bb custom_padding=\u00bb|||\u00bb custom_padding__hover=\u00bb|||\u00bb][et_pb_map address=\u00bbCentral America\u00bb zoom_level=\u00bb6&#8243; address_lat=\u00bb11.867417299739698&#8243; address_lng=\u00bb-85.03107523749996&#8243; mouse_wheel=\u00bboff\u00bb admin_label=\u00bbMapa\u00bb module_id=\u00bbmapapie\u00bb _builder_version=\u00bb3.0.91&#8243;][et_pb_map_pin title=\u00bbSLT Panam\u00e1\u00bb pin_address=\u00bbCalle 53 Este, Panam\u00e1\u00bb pin_address_lat=\u00bb8.980324&#8243; pin_address_lng=\u00bb-79.51983999999999&#8243; _builder_version=\u00bb3.0.47&#8243;][\/et_pb_map_pin][et_pb_map_pin title=\u00bbSLT El Salvador\u00bb pin_address=\u00bbCalle Cuscatlan 133, San Salvador, El Salvador\u00bb pin_address_lat=\u00bb13.699657575159364&#8243; pin_address_lng=\u00bb-89.23619131335295&#8243; _builder_version=\u00bb3.0.47&#8243;][\/et_pb_map_pin][et_pb_map_pin title=\u00bbSLT Honduras\u00bb pin_address=\u00bbCalle Principal Loma Linda, Tegucigalpa, Honduras\u00bb pin_address_lat=\u00bb14.0853375&#8243; pin_address_lng=\u00bb-87.19329149999999&#8243; _builder_version=\u00bb3.0.47&#8243;][\/et_pb_map_pin][\/et_pb_map][\/et_pb_column][\/et_pb_row][\/et_pb_section]<\/p>\n","protected":false},"excerpt":{"rendered":"<p>Soluciones de Log&iacute;sticaTransporte Especializado &nbsp; Transporte que tiene la caracter\u00edstica que es el m\u00e1s simple de todos los transportes ya que se utiliza \u00fanicamente por las empresas que tienen un sobre stock de productos o productos que estan fuera de su l\u00ednea tradicional de producci\u00f3n o distribuci\u00f3n y que tienen muy pocos \u00edtems y con [&hellip;]<\/p>\n","protected":false},"author":1,"featured_media":0,"parent":46,"menu_order":7,"comment_status":"closed","ping_status":"closed","template":"","meta":{"_et_pb_use_builder":"on","_et_pb_old_content":"","_et_gb_content_width":"","_joinchat":[]},"_links":{"self":[{"href":"https:\/\/slt.com.sv\/site\/wp-json\/wp\/v2\/pages\/51"}],"collection":[{"href":"https:\/\/slt.com.sv\/site\/wp-json\/wp\/v2\/pages"}],"about":[{"href":"https:\/\/slt.com.sv\/site\/wp-json\/wp\/v2\/types\/page"}],"author":[{"embeddable":true,"href":"https:\/\/slt.com.sv\/site\/wp-json\/wp\/v2\/users\/1"}],"replies":[{"embeddable":true,"href":"https:\/\/slt.com.sv\/site\/wp-json\/wp\/v2\/comments?post=51"}],"version-history":[{"count":7,"href":"https:\/\/slt.com.sv\/site\/wp-json\/wp\/v2\/pages\/51\/revisions"}],"predecessor-version":[{"id":310,"href":"https:\/\/slt.com.sv\/site\/wp-json\/wp\/v2\/pages\/51\/revisions\/310"}],"up":[{"embeddable":true,"href":"https:\/\/slt.com.sv\/site\/wp-json\/wp\/v2\/pages\/46"}],"wp:attachment":[{"href":"https:\/\/slt.com.sv\/site\/wp-json\/wp\/v2\/media?parent=51"}],"curies":[{"name":"wp","href":"https:\/\/api.w.org\/{rel}","templated":true}]}}